{"id":145,"date":"2025-10-20T11:01:53","date_gmt":"2025-10-20T11:01:53","guid":{"rendered":"http:\/\/www.farmcook.pl\/index.php\/home\/"},"modified":"2025-11-27T08:28:31","modified_gmt":"2025-11-27T08:28:31","slug":"home","status":"publish","type":"page","link":"https:\/\/www.farmcook.pl\/","title":{"rendered":"Strona g\u0142\u00f3wna"},"content":{"rendered":"\n<div class=\"wp-block-cover alignfull is-light hestia-clear-top-padding\"><span aria-hidden=\"true\" class=\"wp-block-cover__background has-white-background-color has-background-dim-100 has-background-dim\"><\/span><div class=\"wp-block-cover__inner-container is-layout-flow wp-block-cover-is-layout-flow\">\n<h2 class=\"wp-block-heading has-text-align-center has-text-color\" style=\"color:#3c4858\">Dlaczego farmcook?<\/h2>\n\n\n\n<div style=\"height:40px\" aria-hidden=\"true\" class=\"wp-block-spacer\"><\/div>\n\n\n\n<div class=\"wp-block-columns container is-layout-flex wp-container-core-columns-is-layout-28f84493 wp-block-columns-is-layout-flex\">\n<div class=\"wp-block-column is-layout-flow wp-block-column-is-layout-flow\"><div class=\"wp-block-image\">\n<figure class=\"aligncenter size-large\"><img fetchpriority=\"high\" decoding=\"async\" width=\"1024\" height=\"682\" src=\"http:\/\/www.farmcook.pl\/wp-content\/uploads\/2025\/10\/PAN-7-SKR-NIELAKIEROWANE-AKCESORIA-FARMCOOK_P1-5-1024x682.jpg\" alt=\"\" class=\"wp-image-42\" srcset=\"https:\/\/www.farmcook.pl\/wp-content\/uploads\/2025\/10\/PAN-7-SKR-NIELAKIEROWANE-AKCESORIA-FARMCOOK_P1-5-1024x682.jpg 1024w, https:\/\/www.farmcook.pl\/wp-content\/uploads\/2025\/10\/PAN-7-SKR-NIELAKIEROWANE-AKCESORIA-FARMCOOK_P1-5-600x400.jpg 600w, https:\/\/www.farmcook.pl\/wp-content\/uploads\/2025\/10\/PAN-7-SKR-NIELAKIEROWANE-AKCESORIA-FARMCOOK_P1-5-300x200.jpg 300w, https:\/\/www.farmcook.pl\/wp-content\/uploads\/2025\/10\/PAN-7-SKR-NIELAKIEROWANE-AKCESORIA-FARMCOOK_P1-5-768x512.jpg 768w, https:\/\/www.farmcook.pl\/wp-content\/uploads\/2025\/10\/PAN-7-SKR-NIELAKIEROWANE-AKCESORIA-FARMCOOK_P1-5-1536x1024.jpg 1536w, https:\/\/www.farmcook.pl\/wp-content\/uploads\/2025\/10\/PAN-7-SKR-NIELAKIEROWANE-AKCESORIA-FARMCOOK_P1-5.jpg 2000w\" sizes=\"(max-width: 1024px) 100vw, 1024px\" \/><\/figure>\n<\/div>\n\n\n<h5 class=\"wp-block-heading has-text-align-center has-text-color\" style=\"color:#3c4858;font-size:18px\">Wysoka jako\u015b\u0107 wykonania<\/h5>\n\n\n\n<p class=\"has-text-align-center has-text-color\" style=\"color:#999999;font-size:14px\">Nasze paleniska powstaj\u0105 z solidnej, grubej stali, odpornej na wysok\u0105 temperatur\u0119 i zmienne warunki pogodowe. Ka\u017cdy detal jest starannie dopracowany, aby produkt s\u0142u\u017cy\u0142 przez lata i by\u0142 bezpieczny w codziennym u\u017cytkowaniu.<\/p>\n\n\n\n<div style=\"height:25px\" aria-hidden=\"true\" class=\"wp-block-spacer\"><\/div>\n<\/div>\n\n\n\n<div class=\"wp-block-column is-layout-flow wp-block-column-is-layout-flow\"><div class=\"wp-block-image\">\n<figure class=\"aligncenter size-large\"><img decoding=\"async\" width=\"1024\" height=\"682\" src=\"http:\/\/www.farmcook.pl\/wp-content\/uploads\/2025\/10\/PAN-61-NIEMALOWANE-FARMCOOK_P1-4-1024x682.jpg\" alt=\"\" class=\"wp-image-29\" srcset=\"https:\/\/www.farmcook.pl\/wp-content\/uploads\/2025\/10\/PAN-61-NIEMALOWANE-FARMCOOK_P1-4-1024x682.jpg 1024w, https:\/\/www.farmcook.pl\/wp-content\/uploads\/2025\/10\/PAN-61-NIEMALOWANE-FARMCOOK_P1-4-600x400.jpg 600w, https:\/\/www.farmcook.pl\/wp-content\/uploads\/2025\/10\/PAN-61-NIEMALOWANE-FARMCOOK_P1-4-300x200.jpg 300w, https:\/\/www.farmcook.pl\/wp-content\/uploads\/2025\/10\/PAN-61-NIEMALOWANE-FARMCOOK_P1-4-768x512.jpg 768w, https:\/\/www.farmcook.pl\/wp-content\/uploads\/2025\/10\/PAN-61-NIEMALOWANE-FARMCOOK_P1-4-1536x1024.jpg 1536w, https:\/\/www.farmcook.pl\/wp-content\/uploads\/2025\/10\/PAN-61-NIEMALOWANE-FARMCOOK_P1-4.jpg 2000w\" sizes=\"(max-width: 1024px) 100vw, 1024px\" \/><\/figure>\n<\/div>\n\n\n<h5 class=\"wp-block-heading has-text-align-center has-text-color\" style=\"color:#3c4858;font-size:18px\">Staranne wzornictwo<\/h5>\n\n\n\n<p class=\"has-text-align-center has-text-color\" style=\"color:#999999;font-size:14px\">\u0141\u0105czymy minimalistyczn\u0105 form\u0119 z funkcjonalno\u015bci\u0105, dzi\u0119ki czemu palenisko doskonale prezentuje si\u0119 w ka\u017cdym ogrodzie czy na tarasie. Przemy\u015blany kszta\u0142t zapewnia odpowiedni przep\u0142yw powietrza, co u\u0142atwia rozpalanie i stabilne spalanie drewna.<\/p>\n\n\n\n<div style=\"height:25px\" aria-hidden=\"true\" class=\"wp-block-spacer\"><\/div>\n<\/div>\n\n\n\n<div class=\"wp-block-column is-layout-flow wp-block-column-is-layout-flow\"><div class=\"wp-block-image\">\n<figure class=\"aligncenter size-large\"><img decoding=\"async\" width=\"1024\" height=\"682\" src=\"http:\/\/www.farmcook.pl\/wp-content\/uploads\/2025\/10\/Palenisko-kwadratowe-skrecane-FARMCOOK-PL_2-3-1024x682.jpg\" alt=\"\" class=\"wp-image-151\" srcset=\"https:\/\/www.farmcook.pl\/wp-content\/uploads\/2025\/10\/Palenisko-kwadratowe-skrecane-FARMCOOK-PL_2-3-1024x682.jpg 1024w, https:\/\/www.farmcook.pl\/wp-content\/uploads\/2025\/10\/Palenisko-kwadratowe-skrecane-FARMCOOK-PL_2-3-300x200.jpg 300w, https:\/\/www.farmcook.pl\/wp-content\/uploads\/2025\/10\/Palenisko-kwadratowe-skrecane-FARMCOOK-PL_2-3-768x512.jpg 768w, https:\/\/www.farmcook.pl\/wp-content\/uploads\/2025\/10\/Palenisko-kwadratowe-skrecane-FARMCOOK-PL_2-3-1536x1024.jpg 1536w, https:\/\/www.farmcook.pl\/wp-content\/uploads\/2025\/10\/Palenisko-kwadratowe-skrecane-FARMCOOK-PL_2-3-360x240.jpg 360w, https:\/\/www.farmcook.pl\/wp-content\/uploads\/2025\/10\/Palenisko-kwadratowe-skrecane-FARMCOOK-PL_2-3-600x400.jpg 600w, https:\/\/www.farmcook.pl\/wp-content\/uploads\/2025\/10\/Palenisko-kwadratowe-skrecane-FARMCOOK-PL_2-3.jpg 2000w\" sizes=\"(max-width: 1024px) 100vw, 1024px\" \/><\/figure>\n<\/div>\n\n\n<h5 class=\"wp-block-heading has-text-align-center has-text-color\" style=\"color:#3c4858;font-size:18px\">Polska marka<\/h5>\n\n\n\n<p class=\"has-text-align-center has-text-color\" style=\"color:#999999;font-size:14px\">Produkujemy w Polsce, wsp\u00f3\u0142pracuj\u0105c z lokalnymi dostawcami i dbaj\u0105c o wysokie standardy na ka\u017cdym etapie wytwarzania. Wybieraj\u0105c Farmcook, wspierasz rodzim\u0105 firm\u0119 tworz\u0105c\u0105 produkty z pasji do gotowania i sp\u0119dzania czasu na \u015bwie\u017cym powietrzu.<\/p>\n\n\n\n<div style=\"height:25px\" aria-hidden=\"true\" class=\"wp-block-spacer\"><\/div>\n<\/div>\n<\/div>\n\n\n\n<div style=\"height:40px\" aria-hidden=\"true\" class=\"wp-block-spacer\"><\/div>\n<\/div><\/div>\n\n\n\n<p class=\"ticss-d39dce33\"><\/p>\n","protected":false},"excerpt":{"rendered":"","protected":false},"author":1,"featured_media":0,"parent":0,"menu_order":0,"comment_status":"closed","ping_status":"closed","template":"","meta":{"_themeisle_gutenberg_block_has_review":false,"footnotes":""},"class_list":["post-145","page","type-page","status-publish","hentry"],"_links":{"self":[{"href":"https:\/\/www.farmcook.pl\/index.php\/wp-json\/wp\/v2\/pages\/145","targetHints":{"allow":["GET"]}}],"collection":[{"href":"https:\/\/www.farmcook.pl\/index.php\/wp-json\/wp\/v2\/pages"}],"about":[{"href":"https:\/\/www.farmcook.pl\/index.php\/wp-json\/wp\/v2\/types\/page"}],"author":[{"embeddable":true,"href":"https:\/\/www.farmcook.pl\/index.php\/wp-json\/wp\/v2\/users\/1"}],"replies":[{"embeddable":true,"href":"https:\/\/www.farmcook.pl\/index.php\/wp-json\/wp\/v2\/comments?post=145"}],"version-history":[{"count":6,"href":"https:\/\/www.farmcook.pl\/index.php\/wp-json\/wp\/v2\/pages\/145\/revisions"}],"predecessor-version":[{"id":181,"href":"https:\/\/www.farmcook.pl\/index.php\/wp-json\/wp\/v2\/pages\/145\/revisions\/181"}],"wp:attachment":[{"href":"https:\/\/www.farmcook.pl\/index.php\/wp-json\/wp\/v2\/media?parent=145"}],"curies":[{"name":"wp","href":"https:\/\/api.w.org\/{rel}","templated":true}]}}